{"id":519,"date":"2019-10-09T13:18:35","date_gmt":"2019-10-09T11:18:35","guid":{"rendered":"https:\/\/sarajevocompany.com\/business-setup-in-bosnia-and-herzegovina\/"},"modified":"2024-01-19T00:28:39","modified_gmt":"2024-01-18T23:28:39","slug":"postupci-nakon-osnivanja-drustva-u-bosni-i-hercegovini","status":"publish","type":"page","link":"https:\/\/sarajevocompany.com\/bs\/postupci-nakon-osnivanja-drustva-u-bosni-i-hercegovini\/","title":{"rendered":"Postupci nakon osnivanja dru\u0161tva u Bosni I Hercegovini"},"content":{"rendered":"<div><div>\n\t<br>\n\t<span style=\"font-family: 'arial black', sans-serif; font-size: 14pt;\">\n\t\t<br>\n\t\t<div class=\"email-container\">\n  \t\t\t<button class=\"show-email-btn\">show email<\/button>@...ny.com\n\t\t<\/div>\n\t<\/span>\n\t<br>\n<\/div>\n\n<\/div>\n<h1 class=\"h2-animate-1\" style=\"text-align: center;\"><b class=\"mid-text-h2\">Osnivanje firme<\/b><br \/>\n<b class=\"mid-text-h2-b\">u Bosni i Hercegovini<\/b><\/h1>\n<p><img decoding=\"async\" class=\"img-X2 aligncenter\" src=\"https:\/\/sarajevocompany.com\/wp-content\/uploads\/2019\/10\/Business-Setup-300x200.jpg\" alt=\"Business setup in Bosnia and Herzegovina\" \/><\/p>\n<p style=\"text-align: left;\"><strong>Nakon zavr\u0161etka osnivanja firme trebate biti upoznati sa jos par detalja..<\/strong> U ovom \u010dlanku \u0107emo re\u0107i nekoliko rije\u010di o fiskalnoj kasi, radnim pravima i porezu -PDV sistemu.<\/p>\n<h2><strong>1-Fiskalna kasa:<\/strong><\/h2>\n<p><img decoding=\"async\" class=\"img-X3 aligncenter\" src=\"https:\/\/sarajevocompany.com\/wp-content\/uploads\/2019\/10\/Fiscal-cash-register-with-bill-Bosnia-450_600.jpg\" alt=\"Fiscal Cash register machine in Bosnia\" \/><br \/>\nSve firme u Bosni i Hercegovini moraju imati spravu pod imenom fiskalna kasa. Ta sprava je konektovana sa serverom porezne uprave i i bilje\u017ei sav promet kompanije. Za sve usluge koje firma napla\u010duje, fiskalna kasa mora isprintati ra\u010dun. Cijena fiskalne kase zavisi od tipa, i cijena je izme\u0111u 500KM i 1000KM.<\/p>\n<p>&nbsp;<\/p>\n<h2><b>2-Radna prava:<\/b><\/h2>\n<p>Radno pravo sve uslove vzane za rad, plate, radne sate i ostala pravila.<br \/>\nFirma mora imati jednog zaposlenika, radni sati ne mogu biti iznad <strong>40 sati sedmi\u010dno<\/strong>.<br \/>\nKada polo\u017eaj i poslovne du\u017enosti zahtjevaju produ\u017eene sata, <strong>maksimalni radni sati mogu biti 60 sati sedmi\u010dno.<\/strong><br \/>\nRadnik koji radi puno radno vrijeme mora imati 30 minuta odmora u toku njegovog dnevnog rada. Radnik koji radi puno radno vrijeme mora imati 24 sata odmora bez prekida u toku njegovog sedmi\u010dnog rada.<br \/>\nAko je potrebno da zaposlenik radi na dan sedmi\u010dne pauze, tada se zaposleniku osigurava jedan slobodan dan u periodu utvr\u0111enom na osnovu sporazuma izme\u0111u poslodavca i zaposlenika.<br \/>\n<strong>Svake kalendarske godine<\/strong>, zaposlenik ima pravo na pla\u010deni godi\u0161nji <strong>odmor u trajanju od najmanje 18 radnih dana.<\/strong>\u00a0<strong>Maloljetni zaposlenik ima pravo na pla\u010deni godisnji odmor u periodu od najmanje 24 radna dana.<\/strong> Zaposlenk koji radi posao koji bez obzira na mjere zastite na poslu, nije mogu\u0107e za\u0161tititi njega\/nju od \u0161tetnih efekata, dobiti \u0107e pla\u010deni godi\u0161nji odmor u trajanju od najmanje 30 radnih dana.<\/p>\n<p>Radnik koji se prvi put zaposli ili koji ima prekid rada izme\u0111u dva radna odnosa du\u017ei od 15 dana, sti\u010de pravo na godi\u0161nji odmor <strong>nakon \u0161est mjeseci neprekidnog rada<\/strong>.<\/p>\n<p>Ako zaposlenik nije stekao pravo na godi\u0161nji odmor u smislu gornjeg paragrafa ovog \u010dlanka, zaposleni ima pravo na kori\u0161tenje najmanje jednog dana godi\u0161njeg odmora za svaki zavr\u0161eni mjesec rada.<\/p>\n<p>Za svakog zaposlenika, firma mora platiti platu, zdravstveno osiguranje penziono osiguranje.<br \/>\nPrema \u010dlanu 14. Zakona o ujedinjenom sistemu registracije, kontrole i naplate doprinosa Firma je obavezna da registruje zaposlenika u poreznu upravu minimalno jedan dan prije po\u010detka rada. Treba dostaviti sljede\u0107e dokumente:<br \/>\n&#8211; Odluka suda o upisu u registar,<br \/>\n&#8211; ID broj i statistiku,<br \/>\n&#8211; Obrazac JS 3100.<\/p>\n<p>&nbsp;<\/p>\n<h2><b>3-Porez- PDV sistem <\/b><\/h2>\n<p>Osnovne kategorije poreza:<\/p>\n<ul class=\"a\">\n<li class=\"b\">Porez na dodatu vrijednost<\/li>\n<li class=\"b\">Korporativni porez na dobit<\/li>\n<li class=\"b\">Personalni porez na dobit<\/li>\n<li class=\"b\">Porez na imovinu<\/li>\n<li class=\"b\">Doprinosi za socijalno osiguranje koje pla\u010daju poslodavci i zaposleni<\/li>\n<li class=\"b\">Akcize- posebna vrsta poreza na promet za neke robe poput naftnih proizvoda, duhanskih proizvoda, bezalkoholnih pi\u0107a, alkoholnih pi\u0107a, piva, vina i kafe.<\/li>\n<\/ul>\n<p>&nbsp;<\/p>\n<h2><strong>KATEGORIJE STOPE POREZA<\/strong><\/h2>\n<ul class=\"a\">\n<li class=\"a\">Porez na dodatu vrijednost 17% (FBiH, RS, BD)<\/li>\n<li class=\"a\">Porez na dobit 10% (FBiH, RS, BD)<\/li>\n<li class=\"a\">Personalni porez na dobit od 10% (FBiH, RS, BD)<\/li>\n<\/ul>\n<h3 class=\"a\"><b>Porez na dodatu vrijednost (PDV)<\/b><\/h3>\n<p>Individualna stopa<strong> pdv-a je 17%<\/strong>. Uprava za indirektno oporezivanje zadu\u017eena je za prikupljanje poreza na dodanu vrijednost i za koordiniranje pitanja fiskalne politike op\u0107enito. \u2028Ovo tijelo je odgovorno i za prikupljanje carina i akciza na cijelom podru\u010dju Bosne i Hercegovine. Porez na dodanu vrijednost predstavlja sveobuhvatni porez na potro\u0161nju, koji se procjenjuje na osnovu dodane vrijednosti roba i usluga. Porez na dodanu vrijednost je op\u0107i porez koji se primjenjuje na sve komercijalne aktivnosti, uklju\u010duju\u0107i proizvodnju i distribuciju proizvoda i pru\u017eanje usluga. To je porez na potro\u0161nju, jer ga kompanija ne pla\u0107a, nego krajnji korisnik &#8211; porez na dodanu vrijednost koji se procjenjuje kao postotak tro\u0161kova robe ili usluga.<br \/>\nIznos poreza je vidljiv u svim fazama, od proizvodnje do distributivnog lanca. Kada pla\u010date poreznu obavezu, porezni obveznik smanjuje porez na dodanu vrijednost za iznos poreza koji je ve\u0107 platio ostalim poreznim obveznicima prilikom kupovine. Ovim postupkom se osigurava neutralnost oporezivanja, bez obzira na broj transakcija.<\/p>\n<h3 class=\"a\"><b>Stopa poreza na dobit u BiH<\/b><\/h3>\n<ul class=\"a\">\n<li class=\"b\">10% Federacija BiH<\/li>\n<li class=\"b\">10% Republika Srpska<\/li>\n<li class=\"b\">10% Br\u010dko distrikt<\/li>\n<\/ul>\n<p><em><strong>U Bosni i Hercegovini ne postoje porezi na dobit za profit preba\u010den iz inostranstva. Dobit prenesena iz inostranstva ne oporezuje se ako je prethodno bila predmet oporezivanja u inostranstvu. <\/strong><\/em><\/p>\n<p>Prema va\u017ee\u0107im zakonima, izra\u010dunavanje zarade je oduzimanjem (stvarnih) tro\u0161kova od prihoda. Poreska osnovica uklju\u010duje dobit ostvarenu prihodima i kapitalnom dobiti, prema ra\u010dunovodstvenim propisima. Rashodi moraju biti u skladu s ra\u010dunovodstvenim standardima.<\/p>\n<h3 class=\"a\"><b>Stope personalnog poreza na dobit<\/b><\/h3>\n<p>U Federaciji Bosne i Hercegovine \u2013 Personalni porez na dobit iznosi 10% na neto prihodu (u skladu s bruto modelom).<br \/>\nU Republici Srpskoj \u2013 Personalni porez na dobit iznosi 10% na neto prihod (u skladu sa bruto modelom).<\/p>\n<h3>Stranci i porezi u Bosni i Hercegovini<\/h3>\n<p>Svi stranci sa prebivali\u0161tem u Federaciji Bosni i Hercegovini i Republici Srpskoj pla\u010daju porez na personalni dobit od prihoda ostvarenih tokom kalendarske godine na teritoriji Bosne i Hercegovine. Jednako tako, svi stranci koji ne borave stalno u Bosni i Hercegovini i ostvaruju prihod u Federaciji Bosne i Hercegovine i Republici Srpskoj, priznaju se kao porezni obveznici<br \/>\nU Br\u010dko Distriktu stranci se tretiraju kao porezni obveznici ako borave na teritoriji Distrikta najmanje neprekidno 183 dana.<br \/>\nZa vi\u0161e informacija o porezima kliknite ovdje: <a href=\"http:\/\/www.fipa.gov.ba\/publikacije_materijali\/brosure\/TAX_BROSURA.26.01.2016.pdf\" target=\"_blank\" rel=\"noopener noreferrer\">Porezni sistem Bosne i Hercegovine.pdf<\/a><br \/>\nPro\u010ditajte vi\u0161e <a href=\"http:\/\/www.uino.gov.ba\/en\/Porezi\/PDV\/Opce_informacije.html\" target=\"_blank\" rel=\"noopener noreferrer\">Uvo\u0111enje PDV-a u Bosni i Hercegovini<\/a><\/p>\n<p>Za pokretanje i razvijanje biznisa u Bosni i Hercegovini ali i bilo gdje u svijetu, bitno je imati na raspolaganju kvalitetnog advokata i ra\u010dunovo\u0111u.<\/p>\n<p>&nbsp;<\/p>\n<p>Pogledajte detaljnije o:<\/p>\n<p><a href=\"https:\/\/sarajevocompany.com\/bs\/radna-dozvola-u-bosni-i-herecegovini\/\">Radna Dozvola u Bosni i Hercegovini<\/a><\/p>\n<p><a href=\"https:\/\/sarajevocompany.com\/bs\/boravisna-viza-u-bosni-i-hercegovini\/\">Viza za Bosnu i Hercegovinu<\/a><\/p>\n<p>&nbsp;<\/p>\n<div><div>\n\t<br>\n\t<span style=\"font-family: 'arial black', sans-serif; font-size: 14pt;\">\n\t\t<br>\n\t\t<div class=\"email-container\">\n  \t\t\t<button class=\"show-email-btn\">show email<\/button>@...ny.com\n\t\t<\/div>\n\t<\/span>\n\t<br>\n<\/div>\n\n<\/div>\n","protected":false},"excerpt":{"rendered":"<p>Osnivanje firme u Bosni i Hercegovini Nakon zavr\u0161etka osnivanja firme trebate biti upoznati sa jos par detalja.. U ovom \u010dlanku \u0107emo re\u0107i nekoliko rije\u010di o fiskalnoj kasi, radnim pravima i porezu -PDV sistemu. 1-Fiskalna kasa: Sve firme u Bosni i Hercegovini moraju imati spravu pod imenom fiskalna kasa. Ta sprava je konektovana sa serverom porezne [&hellip;]<\/p>\n","protected":false},"author":1,"featured_media":0,"parent":0,"menu_order":0,"comment_status":"closed","ping_status":"closed","template":"","meta":{"_acf_changed":false,"site-sidebar-layout":"default","site-content-layout":"default","ast-site-content-layout":"default","site-content-style":"default","site-sidebar-style":"default","ast-global-header-display":"","ast-banner-title-visibility":"","ast-main-header-display":"","ast-hfb-above-header-display":"","ast-hfb-below-header-display":"","ast-hfb-mobile-header-display":"","site-post-title":"","ast-breadcrumbs-content":"","ast-featured-img":"","footer-sml-layout":"","theme-transparent-header-meta":"default","adv-header-id-meta":"","stick-header-meta":"","header-above-stick-meta":"","header-main-stick-meta":"","header-below-stick-meta":"","astra-migrate-meta-layouts":"set","ast-page-background-enabled":"default","ast-page-background-meta":{"desktop":{"background-color":"","background-image":"","background-repeat":"repeat","background-position":"center center","background-size":"auto","background-attachment":"scroll","background-type":"","background-media":"","overlay-type":"","overlay-color":"","overlay-gradient":""},"tablet":{"background-color":"","background-image":"","background-repeat":"repeat","background-position":"center center","background-size":"auto","background-attachment":"scroll","background-type":"","background-media":"","overlay-type":"","overlay-color":"","overlay-gradient":""},"mobile":{"background-color":"","background-image":"","background-repeat":"repeat","background-position":"center center","background-size":"auto","background-attachment":"scroll","background-type":"","background-media":"","overlay-type":"","overlay-color":"","overlay-gradient":""}},"ast-content-background-meta":{"desktop":{"background-color":"var(--ast-global-color-5)","background-image":"","background-repeat":"repeat","background-position":"center center","background-size":"auto","background-attachment":"scroll","background-type":"","background-media":"","overlay-type":"","overlay-color":"","overlay-gradient":""},"tablet":{"background-color":"var(--ast-global-color-5)","background-image":"","background-repeat":"repeat","background-position":"center center","background-size":"auto","background-attachment":"scroll","background-type":"","background-media":"","overlay-type":"","overlay-color":"","overlay-gradient":""},"mobile":{"background-color":"var(--ast-global-color-5)","background-image":"","background-repeat":"repeat","background-position":"center center","background-size":"auto","background-attachment":"scroll","background-type":"","background-media":"","overlay-type":"","overlay-color":"","overlay-gradient":""}},"footnotes":""},"class_list":["post-519","page","type-page","status-publish","hentry"],"acf":[],"yoast_head":"<!-- This site is optimized with the Yoast SEO Premium plugin v16.6 (Yoast SEO v27.3) - https:\/\/yoast.com\/product\/yoast-seo-premium-wordpress\/ -->\n<title>Postupci nakon osnivanja dru\u0161tva u Bosni I Hercegovini - Sarajevo company<\/title>\n<meta name=\"description\" content=\"Nakon zavr\u0161etka osnivanja firme trebate biti upoznati sa jos par detalja.. U ovom \u010dlanku \u0107emo re\u0107i nekoliko rije\u010di o fiskalnoj kasi, radnim pravima i porezu -PDV sistemu.\" \/>\n<meta name=\"robots\" content=\"index, follow, max-snippet:-1, max-image-preview:large, max-video-preview:-1\" \/>\n<link rel=\"canonical\" href=\"https:\/\/sarajevocompany.com\/bs\/postupci-nakon-osnivanja-drustva-u-bosni-i-hercegovini\/\" \/>\n<meta property=\"og:locale\" content=\"bs_BA\" \/>\n<meta property=\"og:type\" content=\"article\" \/>\n<meta property=\"og:title\" content=\"Postupci nakon osnivanja dru\u0161tva u Bosni I Hercegovini\" \/>\n<meta property=\"og:description\" content=\"Nakon zavr\u0161etka osnivanja firme trebate biti upoznati sa jos par detalja.. U ovom \u010dlanku \u0107emo re\u0107i nekoliko rije\u010di o fiskalnoj kasi, radnim pravima i porezu -PDV sistemu.\" \/>\n<meta property=\"og:url\" content=\"https:\/\/sarajevocompany.com\/bs\/postupci-nakon-osnivanja-drustva-u-bosni-i-hercegovini\/\" \/>\n<meta property=\"og:site_name\" content=\"Sarajevo company\" \/>\n<meta property=\"article:publisher\" content=\"https:\/\/www.facebook.com\/Business-Motivation-383827689152482\/\" \/>\n<meta property=\"article:modified_time\" content=\"2024-01-18T23:28:39+00:00\" \/>\n<meta property=\"og:image\" content=\"https:\/\/sarajevocompany.com\/wp-content\/uploads\/2019\/10\/Business-Setup-300x200.jpg\" \/>\n<meta name=\"twitter:card\" content=\"summary_large_image\" \/>\n<meta name=\"twitter:label1\" content=\"Est. reading time\" \/>\n\t<meta name=\"twitter:data1\" content=\"5 minuta\" \/>\n<script type=\"application\/ld+json\" class=\"yoast-schema-graph\">{\"@context\":\"https:\\\/\\\/schema.org\",\"@graph\":[{\"@type\":\"WebPage\",\"@id\":\"https:\\\/\\\/sarajevocompany.com\\\/bs\\\/postupci-nakon-osnivanja-drustva-u-bosni-i-hercegovini\\\/\",\"url\":\"https:\\\/\\\/sarajevocompany.com\\\/bs\\\/postupci-nakon-osnivanja-drustva-u-bosni-i-hercegovini\\\/\",\"name\":\"Postupci nakon osnivanja dru\u0161tva u Bosni I Hercegovini - Sarajevo company\",\"isPartOf\":{\"@id\":\"https:\\\/\\\/sarajevocompany.com\\\/#website\"},\"primaryImageOfPage\":{\"@id\":\"https:\\\/\\\/sarajevocompany.com\\\/bs\\\/postupci-nakon-osnivanja-drustva-u-bosni-i-hercegovini\\\/#primaryimage\"},\"image\":{\"@id\":\"https:\\\/\\\/sarajevocompany.com\\\/bs\\\/postupci-nakon-osnivanja-drustva-u-bosni-i-hercegovini\\\/#primaryimage\"},\"thumbnailUrl\":\"https:\\\/\\\/sarajevocompany.com\\\/wp-content\\\/uploads\\\/2019\\\/10\\\/Business-Setup-300x200.jpg\",\"datePublished\":\"2019-10-09T11:18:35+00:00\",\"dateModified\":\"2024-01-18T23:28:39+00:00\",\"description\":\"Nakon zavr\u0161etka osnivanja firme trebate biti upoznati sa jos par detalja.. U ovom \u010dlanku \u0107emo re\u0107i nekoliko rije\u010di o fiskalnoj kasi, radnim pravima i porezu -PDV sistemu.\",\"breadcrumb\":{\"@id\":\"https:\\\/\\\/sarajevocompany.com\\\/bs\\\/postupci-nakon-osnivanja-drustva-u-bosni-i-hercegovini\\\/#breadcrumb\"},\"inLanguage\":\"bs-BA\",\"potentialAction\":[{\"@type\":\"ReadAction\",\"target\":[\"https:\\\/\\\/sarajevocompany.com\\\/bs\\\/postupci-nakon-osnivanja-drustva-u-bosni-i-hercegovini\\\/\"]}]},{\"@type\":\"ImageObject\",\"inLanguage\":\"bs-BA\",\"@id\":\"https:\\\/\\\/sarajevocompany.com\\\/bs\\\/postupci-nakon-osnivanja-drustva-u-bosni-i-hercegovini\\\/#primaryimage\",\"url\":\"https:\\\/\\\/sarajevocompany.com\\\/wp-content\\\/uploads\\\/2019\\\/10\\\/Business-Setup-300x200.jpg\",\"contentUrl\":\"https:\\\/\\\/sarajevocompany.com\\\/wp-content\\\/uploads\\\/2019\\\/10\\\/Business-Setup-300x200.jpg\"},{\"@type\":\"BreadcrumbList\",\"@id\":\"https:\\\/\\\/sarajevocompany.com\\\/bs\\\/postupci-nakon-osnivanja-drustva-u-bosni-i-hercegovini\\\/#breadcrumb\",\"itemListElement\":[{\"@type\":\"ListItem\",\"position\":1,\"name\":\"Home\",\"item\":\"https:\\\/\\\/sarajevocompany.com\\\/bs\\\/\"},{\"@type\":\"ListItem\",\"position\":2,\"name\":\"Postupci nakon osnivanja dru\u0161tva u Bosni I Hercegovini\"}]},{\"@type\":\"WebSite\",\"@id\":\"https:\\\/\\\/sarajevocompany.com\\\/#website\",\"url\":\"https:\\\/\\\/sarajevocompany.com\\\/\",\"name\":\"Sarajevo company\",\"description\":\"Establish and Found a company in Sarajevo, Bosnian and Herzegovina\",\"publisher\":{\"@id\":\"https:\\\/\\\/sarajevocompany.com\\\/#organization\"},\"potentialAction\":[{\"@type\":\"SearchAction\",\"target\":{\"@type\":\"EntryPoint\",\"urlTemplate\":\"https:\\\/\\\/sarajevocompany.com\\\/?s={search_term_string}\"},\"query-input\":{\"@type\":\"PropertyValueSpecification\",\"valueRequired\":true,\"valueName\":\"search_term_string\"}}],\"inLanguage\":\"bs-BA\"},{\"@type\":\"Organization\",\"@id\":\"https:\\\/\\\/sarajevocompany.com\\\/#organization\",\"name\":\"Sarajevo company\",\"url\":\"https:\\\/\\\/sarajevocompany.com\\\/\",\"logo\":{\"@type\":\"ImageObject\",\"inLanguage\":\"bs-BA\",\"@id\":\"https:\\\/\\\/sarajevocompany.com\\\/#\\\/schema\\\/logo\\\/image\\\/\",\"url\":\"https:\\\/\\\/sarajevocompany.com\\\/wp-content\\\/uploads\\\/2019\\\/06\\\/logo-48x48.png\",\"contentUrl\":\"https:\\\/\\\/sarajevocompany.com\\\/wp-content\\\/uploads\\\/2019\\\/06\\\/logo-48x48.png\",\"width\":48,\"height\":48,\"caption\":\"Sarajevo company\"},\"image\":{\"@id\":\"https:\\\/\\\/sarajevocompany.com\\\/#\\\/schema\\\/logo\\\/image\\\/\"},\"sameAs\":[\"https:\\\/\\\/www.facebook.com\\\/Business-Motivation-383827689152482\\\/\"]}]}<\/script>\n<!-- \/ Yoast SEO Premium plugin. -->","yoast_head_json":{"title":"Postupci nakon osnivanja dru\u0161tva u Bosni I Hercegovini - Sarajevo company","description":"Nakon zavr\u0161etka osnivanja firme trebate biti upoznati sa jos par detalja.. U ovom \u010dlanku \u0107emo re\u0107i nekoliko rije\u010di o fiskalnoj kasi, radnim pravima i porezu -PDV sistemu.","robots":{"index":"index","follow":"follow","max-snippet":"max-snippet:-1","max-image-preview":"max-image-preview:large","max-video-preview":"max-video-preview:-1"},"canonical":"https:\/\/sarajevocompany.com\/bs\/postupci-nakon-osnivanja-drustva-u-bosni-i-hercegovini\/","og_locale":"bs_BA","og_type":"article","og_title":"Postupci nakon osnivanja dru\u0161tva u Bosni I Hercegovini","og_description":"Nakon zavr\u0161etka osnivanja firme trebate biti upoznati sa jos par detalja.. U ovom \u010dlanku \u0107emo re\u0107i nekoliko rije\u010di o fiskalnoj kasi, radnim pravima i porezu -PDV sistemu.","og_url":"https:\/\/sarajevocompany.com\/bs\/postupci-nakon-osnivanja-drustva-u-bosni-i-hercegovini\/","og_site_name":"Sarajevo company","article_publisher":"https:\/\/www.facebook.com\/Business-Motivation-383827689152482\/","article_modified_time":"2024-01-18T23:28:39+00:00","og_image":[{"url":"https:\/\/sarajevocompany.com\/wp-content\/uploads\/2019\/10\/Business-Setup-300x200.jpg","type":"","width":"","height":""}],"twitter_card":"summary_large_image","twitter_misc":{"Est. reading time":"5 minuta"},"schema":{"@context":"https:\/\/schema.org","@graph":[{"@type":"WebPage","@id":"https:\/\/sarajevocompany.com\/bs\/postupci-nakon-osnivanja-drustva-u-bosni-i-hercegovini\/","url":"https:\/\/sarajevocompany.com\/bs\/postupci-nakon-osnivanja-drustva-u-bosni-i-hercegovini\/","name":"Postupci nakon osnivanja dru\u0161tva u Bosni I Hercegovini - Sarajevo company","isPartOf":{"@id":"https:\/\/sarajevocompany.com\/#website"},"primaryImageOfPage":{"@id":"https:\/\/sarajevocompany.com\/bs\/postupci-nakon-osnivanja-drustva-u-bosni-i-hercegovini\/#primaryimage"},"image":{"@id":"https:\/\/sarajevocompany.com\/bs\/postupci-nakon-osnivanja-drustva-u-bosni-i-hercegovini\/#primaryimage"},"thumbnailUrl":"https:\/\/sarajevocompany.com\/wp-content\/uploads\/2019\/10\/Business-Setup-300x200.jpg","datePublished":"2019-10-09T11:18:35+00:00","dateModified":"2024-01-18T23:28:39+00:00","description":"Nakon zavr\u0161etka osnivanja firme trebate biti upoznati sa jos par detalja.. U ovom \u010dlanku \u0107emo re\u0107i nekoliko rije\u010di o fiskalnoj kasi, radnim pravima i porezu -PDV sistemu.","breadcrumb":{"@id":"https:\/\/sarajevocompany.com\/bs\/postupci-nakon-osnivanja-drustva-u-bosni-i-hercegovini\/#breadcrumb"},"inLanguage":"bs-BA","potentialAction":[{"@type":"ReadAction","target":["https:\/\/sarajevocompany.com\/bs\/postupci-nakon-osnivanja-drustva-u-bosni-i-hercegovini\/"]}]},{"@type":"ImageObject","inLanguage":"bs-BA","@id":"https:\/\/sarajevocompany.com\/bs\/postupci-nakon-osnivanja-drustva-u-bosni-i-hercegovini\/#primaryimage","url":"https:\/\/sarajevocompany.com\/wp-content\/uploads\/2019\/10\/Business-Setup-300x200.jpg","contentUrl":"https:\/\/sarajevocompany.com\/wp-content\/uploads\/2019\/10\/Business-Setup-300x200.jpg"},{"@type":"BreadcrumbList","@id":"https:\/\/sarajevocompany.com\/bs\/postupci-nakon-osnivanja-drustva-u-bosni-i-hercegovini\/#breadcrumb","itemListElement":[{"@type":"ListItem","position":1,"name":"Home","item":"https:\/\/sarajevocompany.com\/bs\/"},{"@type":"ListItem","position":2,"name":"Postupci nakon osnivanja dru\u0161tva u Bosni I Hercegovini"}]},{"@type":"WebSite","@id":"https:\/\/sarajevocompany.com\/#website","url":"https:\/\/sarajevocompany.com\/","name":"Sarajevo company","description":"Establish and Found a company in Sarajevo, Bosnian and Herzegovina","publisher":{"@id":"https:\/\/sarajevocompany.com\/#organization"},"potentialAction":[{"@type":"SearchAction","target":{"@type":"EntryPoint","urlTemplate":"https:\/\/sarajevocompany.com\/?s={search_term_string}"},"query-input":{"@type":"PropertyValueSpecification","valueRequired":true,"valueName":"search_term_string"}}],"inLanguage":"bs-BA"},{"@type":"Organization","@id":"https:\/\/sarajevocompany.com\/#organization","name":"Sarajevo company","url":"https:\/\/sarajevocompany.com\/","logo":{"@type":"ImageObject","inLanguage":"bs-BA","@id":"https:\/\/sarajevocompany.com\/#\/schema\/logo\/image\/","url":"https:\/\/sarajevocompany.com\/wp-content\/uploads\/2019\/06\/logo-48x48.png","contentUrl":"https:\/\/sarajevocompany.com\/wp-content\/uploads\/2019\/06\/logo-48x48.png","width":48,"height":48,"caption":"Sarajevo company"},"image":{"@id":"https:\/\/sarajevocompany.com\/#\/schema\/logo\/image\/"},"sameAs":["https:\/\/www.facebook.com\/Business-Motivation-383827689152482\/"]}]}},"_links":{"self":[{"href":"https:\/\/sarajevocompany.com\/bs\/wp-json\/wp\/v2\/pages\/519","targetHints":{"allow":["GET"]}}],"collection":[{"href":"https:\/\/sarajevocompany.com\/bs\/wp-json\/wp\/v2\/pages"}],"about":[{"href":"https:\/\/sarajevocompany.com\/bs\/wp-json\/wp\/v2\/types\/page"}],"author":[{"embeddable":true,"href":"https:\/\/sarajevocompany.com\/bs\/wp-json\/wp\/v2\/users\/1"}],"replies":[{"embeddable":true,"href":"https:\/\/sarajevocompany.com\/bs\/wp-json\/wp\/v2\/comments?post=519"}],"version-history":[{"count":1,"href":"https:\/\/sarajevocompany.com\/bs\/wp-json\/wp\/v2\/pages\/519\/revisions"}],"predecessor-version":[{"id":952,"href":"https:\/\/sarajevocompany.com\/bs\/wp-json\/wp\/v2\/pages\/519\/revisions\/952"}],"wp:attachment":[{"href":"https:\/\/sarajevocompany.com\/bs\/wp-json\/wp\/v2\/media?parent=519"}],"curies":[{"name":"wp","href":"https:\/\/api.w.org\/{rel}","templated":true}]}}