{"id":545,"date":"2019-06-22T10:45:33","date_gmt":"2019-06-22T10:45:33","guid":{"rendered":"https:\/\/sarajevocompany.com\/resident-visa-in-bosnia\/"},"modified":"2024-01-19T00:30:22","modified_gmt":"2024-01-18T23:30:22","slug":"boravisna-viza-u-bosni-i-hercegovini","status":"publish","type":"page","link":"https:\/\/sarajevocompany.com\/bs\/boravisna-viza-u-bosni-i-hercegovini\/","title":{"rendered":"Boravi\u0161na viza u Bosni i Hercegovini"},"content":{"rendered":"<div><div>\n\t<br>\n\t<span style=\"font-family: 'arial black', sans-serif; font-size: 14pt;\">\n\t\t<br>\n\t\t<div class=\"email-container\">\n  \t\t\t<button class=\"show-email-btn\">show email<\/button>@...ny.com\n\t\t<\/div>\n\t<\/span>\n\t<br>\n<\/div>\n\n<\/div>\n<h1 class=\"h2-animate-1\" style=\"text-align: center;\"><b class=\"mid-text-h2\">Boravi\u0161na viza<\/b><br \/>\n<b class=\"mid-text-h2-b\">u Bosni i Hercegovini<\/b><\/h1>\n<p><strong>Treci korak u osnivanju firme za stranca u Bosni i Hercigovini je boravi\u0161na viza. Poslije odobrenja radne dozvole kre\u0107e se u proceduru za vizu.<\/strong><\/p>\n<h3><strong>Procedure i dokumenti za boravi\u0161nu vizu u Bosni i Hercegovini:<\/strong><\/h3>\n<ol>\n<li>Zahtjev za vizu- mora biti popunjen ru\u010dno ili elektronski od podnosioca zahtjeva, <a href=\"http:\/\/sps.gov.ba\/dokumenti\/obrasci\/zahtjev_izdavanje_vize.pdf\" rel=\"noopener noreferrer\">VisaFormRequest.pdf<\/a><\/li>\n<li>Administrativna taksa je 150,00 KM. (oko 76,4\u20ac).<\/li>\n<li>Fotografija iz bliske pro\u0161losti, dimenzija 35&#215;45 mm.<\/li>\n<li>Kopija paso\u0161a (sa glavnom stranom i sa dokazom o zadnjem ulasku u Bosnu i Hercegovinu)- paso\u0161 mora biti validan tri mjeseca vi\u0161e nego viza.<\/li>\n<li>Kopija dokaza sa bijelog kartona o prebivali\u0161tu u Bosni i Hercegovini.<\/li>\n<li>Validna radna dozvola.<\/li>\n<li>Dokaz da je firma platila sve poreze (dokazi koji nisu stariji od 90 dana).<\/li>\n<li>Odluka suda o registraciji firme.<\/li>\n<li>Medicinski nalaz, koji garantuje da podnosilac zahtjeva nema bolest koja prijeti Bosanskom javnom zdravlju. Nalaz koji nije stariji od tri mjeseca i mora biti izdat od ovla\u0161tene institucije.<\/li>\n<li>Dokaz da podnosilac zahtjeva nije krivi\u010dno gonjen , i da podnosilac zahtjeva nema nikakav \u2028krivi\u010dni postupak (nije ka\u017enjen za krivi\u010dna djela), izdate od vladinih institucija, koje nije starije od \u0161est mjeseci.<\/li>\n<li>Dokazi o smje\u0161taju u Bosni i Hercegovini:\n<ul>\n<li>Dokaz da podnosilac zahtjeva ima nekretnine u Bosni i Hercegovini.<\/li>\n<li>Ugovor o zakupu smje\u0161taja.<\/li>\n<\/ul>\n<\/li>\n<li>Pozivno pismo &#8211; <a href=\"http:\/\/sps.gov.ba\/dokumenti\/obrasci\/zahtjev_pozivno_pojedinacno.pdf\">invitation letter form.pdf<\/a><\/li>\n<\/ol>\n<p>U procesu za idavanje boravi\u0161ne vize, svi dokumenti napisani na stranom jeziku moraju biti prevedeni na jedan od slu\u017ebenih jezika u Bosni i Hercegovini. Svi dokumenti moraju biti orginali ili ovjereni.<\/p>\n<p>Za vi\u0161e informacija <a href=\"http:\/\/sps.gov.ba\/ulazak-stranaca-u-bih\/?lang=en\" target=\"_blank\" rel=\"noopener noreferrer\">USLUGA ZA POSLOVANJE STRANACA<\/a><\/p>\n<p>&nbsp;<\/p>\n<div><div>\n\t<br>\n\t<span style=\"font-family: 'arial black', sans-serif; font-size: 14pt;\">\n\t\t<br>\n\t\t<div class=\"email-container\">\n  \t\t\t<button class=\"show-email-btn\">show email<\/button>@...ny.com\n\t\t<\/div>\n\t<\/span>\n\t<br>\n<\/div>\n\n<\/div>\n","protected":false},"excerpt":{"rendered":"<p>Boravi\u0161na viza u Bosni i Hercegovini Treci korak u osnivanju firme za stranca u Bosni i Hercigovini je boravi\u0161na viza. Poslije odobrenja radne dozvole kre\u0107e se u proceduru za vizu. Procedure i dokumenti za boravi\u0161nu vizu u Bosni i Hercegovini: Zahtjev za vizu- mora biti popunjen ru\u010dno ili elektronski od podnosioca zahtjeva, VisaFormRequest.pdf Administrativna taksa [&hellip;]<\/p>\n","protected":false},"author":1,"featured_media":0,"parent":0,"menu_order":0,"comment_status":"closed","ping_status":"closed","template":"","meta":{"_acf_changed":false,"site-sidebar-layout":"default","site-content-layout":"default","ast-site-content-layout":"default","site-content-style":"default","site-sidebar-style":"default","ast-global-header-display":"","ast-banner-title-visibility":"","ast-main-header-display":"","ast-hfb-above-header-display":"","ast-hfb-below-header-display":"","ast-hfb-mobile-header-display":"","site-post-title":"","ast-breadcrumbs-content":"","ast-featured-img":"","footer-sml-layout":"","theme-transparent-header-meta":"default","adv-header-id-meta":"","stick-header-meta":"","header-above-stick-meta":"","header-main-stick-meta":"","header-below-stick-meta":"","astra-migrate-meta-layouts":"set","ast-page-background-enabled":"default","ast-page-background-meta":{"desktop":{"background-color":"","background-image":"","background-repeat":"repeat","background-position":"center center","background-size":"auto","background-attachment":"scroll","background-type":"","background-media":"","overlay-type":"","overlay-color":"","overlay-gradient":""},"tablet":{"background-color":"","background-image":"","background-repeat":"repeat","background-position":"center center","background-size":"auto","background-attachment":"scroll","background-type":"","background-media":"","overlay-type":"","overlay-color":"","overlay-gradient":""},"mobile":{"background-color":"","background-image":"","background-repeat":"repeat","background-position":"center center","background-size":"auto","background-attachment":"scroll","background-type":"","background-media":"","overlay-type":"","overlay-color":"","overlay-gradient":""}},"ast-content-background-meta":{"desktop":{"background-color":"var(--ast-global-color-5)","background-image":"","background-repeat":"repeat","background-position":"center center","background-size":"auto","background-attachment":"scroll","background-type":"","background-media":"","overlay-type":"","overlay-color":"","overlay-gradient":""},"tablet":{"background-color":"var(--ast-global-color-5)","background-image":"","background-repeat":"repeat","background-position":"center center","background-size":"auto","background-attachment":"scroll","background-type":"","background-media":"","overlay-type":"","overlay-color":"","overlay-gradient":""},"mobile":{"background-color":"var(--ast-global-color-5)","background-image":"","background-repeat":"repeat","background-position":"center center","background-size":"auto","background-attachment":"scroll","background-type":"","background-media":"","overlay-type":"","overlay-color":"","overlay-gradient":""}},"footnotes":""},"class_list":["post-545","page","type-page","status-publish","hentry"],"acf":[],"yoast_head":"<!-- This site is optimized with the Yoast SEO Premium plugin v16.6 (Yoast SEO v27.3) - https:\/\/yoast.com\/product\/yoast-seo-premium-wordpress\/ -->\n<title>Boravi\u0161na viza u Bosni i Hercegovini - Sarajevo company<\/title>\n<meta name=\"description\" content=\"Treci korak u osnivanju firme za stranca u Bosni i Hercigovini je boravisna viza. Poslje odobrenja radne dozvole kre\u0107e proceduru za vizu.\" \/>\n<meta name=\"robots\" content=\"index, follow, max-snippet:-1, max-image-preview:large, max-video-preview:-1\" \/>\n<link rel=\"canonical\" href=\"https:\/\/sarajevocompany.com\/bs\/boravisna-viza-u-bosni-i-hercegovini\/\" \/>\n<meta property=\"og:locale\" content=\"bs_BA\" \/>\n<meta property=\"og:type\" content=\"article\" \/>\n<meta property=\"og:title\" content=\"Boravi\u0161na viza u Bosni i Hercegovini\" \/>\n<meta property=\"og:description\" content=\"Treci korak u osnivanju firme za stranca u Bosni i Hercigovini je boravisna viza. Poslje odobrenja radne dozvole kre\u0107e proceduru za vizu.\" \/>\n<meta property=\"og:url\" content=\"https:\/\/sarajevocompany.com\/bs\/boravisna-viza-u-bosni-i-hercegovini\/\" \/>\n<meta property=\"og:site_name\" content=\"Sarajevo company\" \/>\n<meta property=\"article:publisher\" content=\"https:\/\/www.facebook.com\/Business-Motivation-383827689152482\/\" \/>\n<meta property=\"article:modified_time\" content=\"2024-01-18T23:30:22+00:00\" \/>\n<meta name=\"twitter:card\" content=\"summary_large_image\" \/>\n<meta name=\"twitter:label1\" content=\"Est. reading time\" \/>\n\t<meta name=\"twitter:data1\" content=\"1 minuta\" \/>\n<script type=\"application\/ld+json\" class=\"yoast-schema-graph\">{\"@context\":\"https:\\\/\\\/schema.org\",\"@graph\":[{\"@type\":\"WebPage\",\"@id\":\"https:\\\/\\\/sarajevocompany.com\\\/bs\\\/boravisna-viza-u-bosni-i-hercegovini\\\/\",\"url\":\"https:\\\/\\\/sarajevocompany.com\\\/bs\\\/boravisna-viza-u-bosni-i-hercegovini\\\/\",\"name\":\"Boravi\u0161na viza u Bosni i Hercegovini - Sarajevo company\",\"isPartOf\":{\"@id\":\"https:\\\/\\\/sarajevocompany.com\\\/#website\"},\"datePublished\":\"2019-06-22T10:45:33+00:00\",\"dateModified\":\"2024-01-18T23:30:22+00:00\",\"description\":\"Treci korak u osnivanju firme za stranca u Bosni i Hercigovini je boravisna viza. Poslje odobrenja radne dozvole kre\u0107e proceduru za vizu.\",\"breadcrumb\":{\"@id\":\"https:\\\/\\\/sarajevocompany.com\\\/bs\\\/boravisna-viza-u-bosni-i-hercegovini\\\/#breadcrumb\"},\"inLanguage\":\"bs-BA\",\"potentialAction\":[{\"@type\":\"ReadAction\",\"target\":[\"https:\\\/\\\/sarajevocompany.com\\\/bs\\\/boravisna-viza-u-bosni-i-hercegovini\\\/\"]}]},{\"@type\":\"BreadcrumbList\",\"@id\":\"https:\\\/\\\/sarajevocompany.com\\\/bs\\\/boravisna-viza-u-bosni-i-hercegovini\\\/#breadcrumb\",\"itemListElement\":[{\"@type\":\"ListItem\",\"position\":1,\"name\":\"Home\",\"item\":\"https:\\\/\\\/sarajevocompany.com\\\/bs\\\/\"},{\"@type\":\"ListItem\",\"position\":2,\"name\":\"Boravi\u0161na viza u Bosni i Hercegovini\"}]},{\"@type\":\"WebSite\",\"@id\":\"https:\\\/\\\/sarajevocompany.com\\\/#website\",\"url\":\"https:\\\/\\\/sarajevocompany.com\\\/\",\"name\":\"Sarajevo company\",\"description\":\"Establish and Found a company in Sarajevo, Bosnian and Herzegovina\",\"publisher\":{\"@id\":\"https:\\\/\\\/sarajevocompany.com\\\/#organization\"},\"potentialAction\":[{\"@type\":\"SearchAction\",\"target\":{\"@type\":\"EntryPoint\",\"urlTemplate\":\"https:\\\/\\\/sarajevocompany.com\\\/?s={search_term_string}\"},\"query-input\":{\"@type\":\"PropertyValueSpecification\",\"valueRequired\":true,\"valueName\":\"search_term_string\"}}],\"inLanguage\":\"bs-BA\"},{\"@type\":\"Organization\",\"@id\":\"https:\\\/\\\/sarajevocompany.com\\\/#organization\",\"name\":\"Sarajevo company\",\"url\":\"https:\\\/\\\/sarajevocompany.com\\\/\",\"logo\":{\"@type\":\"ImageObject\",\"inLanguage\":\"bs-BA\",\"@id\":\"https:\\\/\\\/sarajevocompany.com\\\/#\\\/schema\\\/logo\\\/image\\\/\",\"url\":\"https:\\\/\\\/sarajevocompany.com\\\/wp-content\\\/uploads\\\/2019\\\/06\\\/logo-48x48.png\",\"contentUrl\":\"https:\\\/\\\/sarajevocompany.com\\\/wp-content\\\/uploads\\\/2019\\\/06\\\/logo-48x48.png\",\"width\":48,\"height\":48,\"caption\":\"Sarajevo company\"},\"image\":{\"@id\":\"https:\\\/\\\/sarajevocompany.com\\\/#\\\/schema\\\/logo\\\/image\\\/\"},\"sameAs\":[\"https:\\\/\\\/www.facebook.com\\\/Business-Motivation-383827689152482\\\/\"]}]}<\/script>\n<!-- \/ Yoast SEO Premium plugin. -->","yoast_head_json":{"title":"Boravi\u0161na viza u Bosni i Hercegovini - Sarajevo company","description":"Treci korak u osnivanju firme za stranca u Bosni i Hercigovini je boravisna viza. Poslje odobrenja radne dozvole kre\u0107e proceduru za vizu.","robots":{"index":"index","follow":"follow","max-snippet":"max-snippet:-1","max-image-preview":"max-image-preview:large","max-video-preview":"max-video-preview:-1"},"canonical":"https:\/\/sarajevocompany.com\/bs\/boravisna-viza-u-bosni-i-hercegovini\/","og_locale":"bs_BA","og_type":"article","og_title":"Boravi\u0161na viza u Bosni i Hercegovini","og_description":"Treci korak u osnivanju firme za stranca u Bosni i Hercigovini je boravisna viza. Poslje odobrenja radne dozvole kre\u0107e proceduru za vizu.","og_url":"https:\/\/sarajevocompany.com\/bs\/boravisna-viza-u-bosni-i-hercegovini\/","og_site_name":"Sarajevo company","article_publisher":"https:\/\/www.facebook.com\/Business-Motivation-383827689152482\/","article_modified_time":"2024-01-18T23:30:22+00:00","twitter_card":"summary_large_image","twitter_misc":{"Est. reading time":"1 minuta"},"schema":{"@context":"https:\/\/schema.org","@graph":[{"@type":"WebPage","@id":"https:\/\/sarajevocompany.com\/bs\/boravisna-viza-u-bosni-i-hercegovini\/","url":"https:\/\/sarajevocompany.com\/bs\/boravisna-viza-u-bosni-i-hercegovini\/","name":"Boravi\u0161na viza u Bosni i Hercegovini - Sarajevo company","isPartOf":{"@id":"https:\/\/sarajevocompany.com\/#website"},"datePublished":"2019-06-22T10:45:33+00:00","dateModified":"2024-01-18T23:30:22+00:00","description":"Treci korak u osnivanju firme za stranca u Bosni i Hercigovini je boravisna viza. Poslje odobrenja radne dozvole kre\u0107e proceduru za vizu.","breadcrumb":{"@id":"https:\/\/sarajevocompany.com\/bs\/boravisna-viza-u-bosni-i-hercegovini\/#breadcrumb"},"inLanguage":"bs-BA","potentialAction":[{"@type":"ReadAction","target":["https:\/\/sarajevocompany.com\/bs\/boravisna-viza-u-bosni-i-hercegovini\/"]}]},{"@type":"BreadcrumbList","@id":"https:\/\/sarajevocompany.com\/bs\/boravisna-viza-u-bosni-i-hercegovini\/#breadcrumb","itemListElement":[{"@type":"ListItem","position":1,"name":"Home","item":"https:\/\/sarajevocompany.com\/bs\/"},{"@type":"ListItem","position":2,"name":"Boravi\u0161na viza u Bosni i Hercegovini"}]},{"@type":"WebSite","@id":"https:\/\/sarajevocompany.com\/#website","url":"https:\/\/sarajevocompany.com\/","name":"Sarajevo company","description":"Establish and Found a company in Sarajevo, Bosnian and Herzegovina","publisher":{"@id":"https:\/\/sarajevocompany.com\/#organization"},"potentialAction":[{"@type":"SearchAction","target":{"@type":"EntryPoint","urlTemplate":"https:\/\/sarajevocompany.com\/?s={search_term_string}"},"query-input":{"@type":"PropertyValueSpecification","valueRequired":true,"valueName":"search_term_string"}}],"inLanguage":"bs-BA"},{"@type":"Organization","@id":"https:\/\/sarajevocompany.com\/#organization","name":"Sarajevo company","url":"https:\/\/sarajevocompany.com\/","logo":{"@type":"ImageObject","inLanguage":"bs-BA","@id":"https:\/\/sarajevocompany.com\/#\/schema\/logo\/image\/","url":"https:\/\/sarajevocompany.com\/wp-content\/uploads\/2019\/06\/logo-48x48.png","contentUrl":"https:\/\/sarajevocompany.com\/wp-content\/uploads\/2019\/06\/logo-48x48.png","width":48,"height":48,"caption":"Sarajevo company"},"image":{"@id":"https:\/\/sarajevocompany.com\/#\/schema\/logo\/image\/"},"sameAs":["https:\/\/www.facebook.com\/Business-Motivation-383827689152482\/"]}]}},"_links":{"self":[{"href":"https:\/\/sarajevocompany.com\/bs\/wp-json\/wp\/v2\/pages\/545","targetHints":{"allow":["GET"]}}],"collection":[{"href":"https:\/\/sarajevocompany.com\/bs\/wp-json\/wp\/v2\/pages"}],"about":[{"href":"https:\/\/sarajevocompany.com\/bs\/wp-json\/wp\/v2\/types\/page"}],"author":[{"embeddable":true,"href":"https:\/\/sarajevocompany.com\/bs\/wp-json\/wp\/v2\/users\/1"}],"replies":[{"embeddable":true,"href":"https:\/\/sarajevocompany.com\/bs\/wp-json\/wp\/v2\/comments?post=545"}],"version-history":[{"count":1,"href":"https:\/\/sarajevocompany.com\/bs\/wp-json\/wp\/v2\/pages\/545\/revisions"}],"predecessor-version":[{"id":953,"href":"https:\/\/sarajevocompany.com\/bs\/wp-json\/wp\/v2\/pages\/545\/revisions\/953"}],"wp:attachment":[{"href":"https:\/\/sarajevocompany.com\/bs\/wp-json\/wp\/v2\/media?parent=545"}],"curies":[{"name":"wp","href":"https:\/\/api.w.org\/{rel}","templated":true}]}}