{"id":550,"date":"2019-08-27T09:20:02","date_gmt":"2019-08-27T07:20:02","guid":{"rendered":"https:\/\/sarajevocompany.com\/establishing-company-in-sarajevo-bosnia-and-herzegovina\/"},"modified":"2024-01-19T00:27:15","modified_gmt":"2024-01-18T23:27:15","slug":"osnivanje-firme-u-bosni-i-hercegovini-podrazumijeva-niz-postupaka","status":"publish","type":"page","link":"https:\/\/sarajevocompany.com\/bs\/osnivanje-firme-u-bosni-i-hercegovini-podrazumijeva-niz-postupaka\/","title":{"rendered":"Postupci osnivanja kompanije"},"content":{"rendered":"<div><div>\n\t<br>\n\t<span style=\"font-family: 'arial black', sans-serif; font-size: 14pt;\">\n\t\t<br>\n\t\t<div class=\"email-container\">\n  \t\t\t<button class=\"show-email-btn\">show email<\/button>@...ny.com\n\t\t<\/div>\n\t<\/span>\n\t<br>\n<\/div>\n\n<\/div>\n<h1 class=\"h2-animate-1\" style=\"text-align: center;\"><a href=\"https:\/\/sarajevocompany.com\/bs\/osnivanje-firme-u-bosni-i-hercegovini-podrazumijeva-niz-postupaka\/\"><b class=\"mid-text-h2\">Koraci osnivanja firme<\/b><\/a><br \/>\n<b class=\"mid-text-h2-b\">U Bosni i Hercegovini\u00a0<\/b><\/h1>\n<p><strong>Strani investitori nalaze produktivno i ugodno ekonomsko okru\u017eenje i nisu tretirani sa diskriminacijom, imaju ista prava kao doma\u0107i poduzetnici.<\/strong> Bitno je da zapamtite da se dr\u017eava sastoji od dvije ustavne regije. <a href=\"https:\/\/en.wikipedia.org\/wiki\/Republika_Srpska\" rel=\"noopener noreferrer\"><em><strong>Republika Srpska [wiki]<\/strong><\/em><\/a> i <a href=\"https:\/\/en.wikipedia.org\/wiki\/Federation_of_Bosnia_and_Herzegovina\" rel=\"noopener noreferrer\"><em><strong>Federacija Bosne i Hercegovine [wiki]<\/strong><\/em><\/a>. Koraci osnivanja firme u Bosni i Hercegovini podrazumjeva razumjevanje specifi\u010dnosti poslovanja prema odabranoj regiji gdje \u0107e firma biti zasnovana. <strong><em>Zbog toga predla\u017eemo stranim investitorima da kontaktiraju specijaliziranog advokata. Na\u0161i advokati su specijalizirani u osnivanju firmi i mogu pomo\u0107i svim investitorima u procesu osvianja firmi u Sarajevu ili drugom odabranom gradu u Bosni i Hercegovini.<\/em><\/strong><\/p>\n<p><img decoding=\"async\" class=\"img-X3 aligncenter\" src=\"https:\/\/sarajevocompany.com\/wp-content\/uploads\/2019\/08\/Bosnia-Regions-Map-where-establish-company.png\" alt=\"where to establish a company in Bosnia\" \/><\/p>\n<h3><strong>Glavni koraci u osnivanju firme u Bosni i Hercegovini:<\/strong><\/h3>\n<p>Na\u0161 tim predstavlja \u0161est najbitnijih koraka da bi osnovali firmu:<\/p>\n<ol>\n<li style=\"list-style-type: none;\">\n<ol>\n<li>Sastaviti ugovor o osnivanju (ili odluku o osnivanju sa jednim ili vi\u0161e osniva\u010da)<\/li>\n<li>Uplatiti kapital<\/li>\n<li>Sudska Registacija: izvodeno u op\u0161tinskim sudovim, prema gradu u kojem je firma zasnovana, pla\u010daju se sudske takse.<\/li>\n<li>Pe\u010dat firme: firma treba imati pe\u010dat koji sadr\u017ei ime i adresu.<\/li>\n<li>Otvoriti bankovni ra\u010dun: svaka firma mora imati otvoren bankovni ra\u010dun u lokalnoj banci.<\/li>\n<li>Registriacija u poreskom uredu i prijava radnika<\/li>\n<\/ol>\n<\/li>\n<\/ol>\n<p><strong>Kada se zadovolje svi koraci osnivanja firme u Bosni I Hercegovini poduzetnik mo\u017ee zaposliti potrebno osoblje. Zakon o radu predvi\u0111a radne uslove, plate, radno vrijeme i druge odluke. <\/strong> Preduzetnik moze odlu\u010diti da zaposli zaposlenika na neodre\u0111eni ugovor ili formalni ugovor, u slu\u010daju sezonskih poslova, zamjena trenutno odsutnih zaposlenika, ograni\u010denih projekata ili u drugim situacijama predvi\u0111enim zakonom. Radni sati ne mogu biti iznad 40 sati sedmi\u010dno. Kad pozicija ili du\u017enosti zahtjevaju produ\u017eene sate, maksimalan broj radnih sati je 60 sati sedmi\u010dno.<\/p>\n<p>&nbsp;<\/p>\n<p>Za vi\u0161e informacija o osnivanju kompanije pogledajte ovaj dokument <a href=\"http:\/\/fipa.gov.ba\/doc\/brosure\/HOW%20TO%20ESTABLISH%20A%20BUSINESS%20IN%20BH.pdf\" rel=\"noopener noreferrer\">Kako pokrenuti biznis u Bosni i Hercegovini.pdf<\/a><\/p>\n<p>Za rad stranaca u Bosni i Hercegovini potrebna je <a href=\"https:\/\/sarajevocompany.com\/bs\/radna-dozvola-u-bosni-i-herecegovini\/\">radna dozvola<\/a> i <a href=\"https:\/\/sarajevocompany.com\/bs\/boravisna-viza-u-bosni-i-hercegovini\/\">viza<\/a>.<\/p>\n<p>&nbsp;<\/p>\n<p>Na\u0161 tim \u0107e vam sa zadovoljstvom pomo\u0107i u <a href=\"https:\/\/sarajevocompany.com\/bs\/osnivanje-firme-u-bosni-i-hercegovini\/\">koracima osnivanja firme u Bosni i Hercegovini<\/a>. Mo\u017eete nas kontaktirati:<\/p>\n<div><div>\n\t<br>\n\t<span style=\"font-family: 'arial black', sans-serif; font-size: 14pt;\">\n\t\t<br>\n\t\t<div class=\"email-container\">\n  \t\t\t<button class=\"show-email-btn\">show email<\/button>@...ny.com\n\t\t<\/div>\n\t<\/span>\n\t<br>\n<\/div>\n\n<\/div>\n","protected":false},"excerpt":{"rendered":"<p>Koraci osnivanja firme U Bosni i Hercegovini\u00a0 Strani investitori nalaze produktivno i ugodno ekonomsko okru\u017eenje i nisu tretirani sa diskriminacijom, imaju ista prava kao doma\u0107i poduzetnici. Bitno je da zapamtite da se dr\u017eava sastoji od dvije ustavne regije. Republika Srpska [wiki] i Federacija Bosne i Hercegovine [wiki]. Koraci osnivanja firme u Bosni i Hercegovini podrazumjeva [&hellip;]<\/p>\n","protected":false},"author":1,"featured_media":0,"parent":0,"menu_order":0,"comment_status":"closed","ping_status":"closed","template":"","meta":{"_acf_changed":false,"site-sidebar-layout":"default","site-content-layout":"default","ast-site-content-layout":"default","site-content-style":"default","site-sidebar-style":"default","ast-global-header-display":"","ast-banner-title-visibility":"","ast-main-header-display":"","ast-hfb-above-header-display":"","ast-hfb-below-header-display":"","ast-hfb-mobile-header-display":"","site-post-title":"","ast-breadcrumbs-content":"","ast-featured-img":"","footer-sml-layout":"","theme-transparent-header-meta":"default","adv-header-id-meta":"","stick-header-meta":"","header-above-stick-meta":"","header-main-stick-meta":"","header-below-stick-meta":"","astra-migrate-meta-layouts":"set","ast-page-background-enabled":"default","ast-page-background-meta":{"desktop":{"background-color":"","background-image":"","background-repeat":"repeat","background-position":"center center","background-size":"auto","background-attachment":"scroll","background-type":"","background-media":"","overlay-type":"","overlay-color":"","overlay-gradient":""},"tablet":{"background-color":"","background-image":"","background-repeat":"repeat","background-position":"center center","background-size":"auto","background-attachment":"scroll","background-type":"","background-media":"","overlay-type":"","overlay-color":"","overlay-gradient":""},"mobile":{"background-color":"","background-image":"","background-repeat":"repeat","background-position":"center center","background-size":"auto","background-attachment":"scroll","background-type":"","background-media":"","overlay-type":"","overlay-color":"","overlay-gradient":""}},"ast-content-background-meta":{"desktop":{"background-color":"var(--ast-global-color-5)","background-image":"","background-repeat":"repeat","background-position":"center center","background-size":"auto","background-attachment":"scroll","background-type":"","background-media":"","overlay-type":"","overlay-color":"","overlay-gradient":""},"tablet":{"background-color":"var(--ast-global-color-5)","background-image":"","background-repeat":"repeat","background-position":"center center","background-size":"auto","background-attachment":"scroll","background-type":"","background-media":"","overlay-type":"","overlay-color":"","overlay-gradient":""},"mobile":{"background-color":"var(--ast-global-color-5)","background-image":"","background-repeat":"repeat","background-position":"center center","background-size":"auto","background-attachment":"scroll","background-type":"","background-media":"","overlay-type":"","overlay-color":"","overlay-gradient":""}},"footnotes":""},"class_list":["post-550","page","type-page","status-publish","hentry"],"acf":[],"yoast_head":"<!-- This site is optimized with the Yoast SEO Premium plugin v16.6 (Yoast SEO v27.3) - https:\/\/yoast.com\/product\/yoast-seo-premium-wordpress\/ -->\n<title>Koraci pri osnivanja firme u Bosni i Hercegovini, postupci<\/title>\n<meta name=\"description\" content=\"Na\u0161 tim \u0107e vam sa zadovoljstvom pomo\u0107i u procesu osnivanja. Koraci osnivanja firme u Bosni i Hercegovini ima par postupaka koje na\u0161 tim rije\u0161ava.\" \/>\n<meta name=\"robots\" content=\"index, follow, max-snippet:-1, max-image-preview:large, max-video-preview:-1\" \/>\n<link rel=\"canonical\" href=\"https:\/\/sarajevocompany.com\/bs\/osnivanje-firme-u-bosni-i-hercegovini-podrazumijeva-niz-postupaka\/\" \/>\n<meta property=\"og:locale\" content=\"bs_BA\" \/>\n<meta property=\"og:type\" content=\"article\" \/>\n<meta property=\"og:title\" content=\"Postupci osnivanja kompanije\" \/>\n<meta property=\"og:description\" content=\"Na\u0161 tim \u0107e vam sa zadovoljstvom pomo\u0107i u procesu osnivanja. Koraci osnivanja firme u Bosni i Hercegovini ima par postupaka koje na\u0161 tim rije\u0161ava.\" \/>\n<meta property=\"og:url\" content=\"https:\/\/sarajevocompany.com\/bs\/osnivanje-firme-u-bosni-i-hercegovini-podrazumijeva-niz-postupaka\/\" \/>\n<meta property=\"og:site_name\" content=\"Sarajevo company\" \/>\n<meta property=\"article:publisher\" content=\"https:\/\/www.facebook.com\/Business-Motivation-383827689152482\/\" \/>\n<meta property=\"article:modified_time\" content=\"2024-01-18T23:27:15+00:00\" \/>\n<meta property=\"og:image\" content=\"https:\/\/sarajevocompany.com\/wp-content\/uploads\/2019\/08\/Bosnia-Regions-Map-where-establish-company.png\" \/>\n<meta name=\"twitter:card\" content=\"summary_large_image\" \/>\n<meta name=\"twitter:label1\" content=\"Est. reading time\" \/>\n\t<meta name=\"twitter:data1\" content=\"2 minute\" \/>\n<script type=\"application\/ld+json\" class=\"yoast-schema-graph\">{\"@context\":\"https:\\\/\\\/schema.org\",\"@graph\":[{\"@type\":\"WebPage\",\"@id\":\"https:\\\/\\\/sarajevocompany.com\\\/bs\\\/osnivanje-firme-u-bosni-i-hercegovini-podrazumijeva-niz-postupaka\\\/\",\"url\":\"https:\\\/\\\/sarajevocompany.com\\\/bs\\\/osnivanje-firme-u-bosni-i-hercegovini-podrazumijeva-niz-postupaka\\\/\",\"name\":\"Koraci pri osnivanja firme u Bosni i Hercegovini, postupci\",\"isPartOf\":{\"@id\":\"https:\\\/\\\/sarajevocompany.com\\\/#website\"},\"primaryImageOfPage\":{\"@id\":\"https:\\\/\\\/sarajevocompany.com\\\/bs\\\/osnivanje-firme-u-bosni-i-hercegovini-podrazumijeva-niz-postupaka\\\/#primaryimage\"},\"image\":{\"@id\":\"https:\\\/\\\/sarajevocompany.com\\\/bs\\\/osnivanje-firme-u-bosni-i-hercegovini-podrazumijeva-niz-postupaka\\\/#primaryimage\"},\"thumbnailUrl\":\"https:\\\/\\\/sarajevocompany.com\\\/wp-content\\\/uploads\\\/2019\\\/08\\\/Bosnia-Regions-Map-where-establish-company.png\",\"datePublished\":\"2019-08-27T07:20:02+00:00\",\"dateModified\":\"2024-01-18T23:27:15+00:00\",\"description\":\"Na\u0161 tim \u0107e vam sa zadovoljstvom pomo\u0107i u procesu osnivanja. Koraci osnivanja firme u Bosni i Hercegovini ima par postupaka koje na\u0161 tim rije\u0161ava.\",\"breadcrumb\":{\"@id\":\"https:\\\/\\\/sarajevocompany.com\\\/bs\\\/osnivanje-firme-u-bosni-i-hercegovini-podrazumijeva-niz-postupaka\\\/#breadcrumb\"},\"inLanguage\":\"bs-BA\",\"potentialAction\":[{\"@type\":\"ReadAction\",\"target\":[\"https:\\\/\\\/sarajevocompany.com\\\/bs\\\/osnivanje-firme-u-bosni-i-hercegovini-podrazumijeva-niz-postupaka\\\/\"]}]},{\"@type\":\"ImageObject\",\"inLanguage\":\"bs-BA\",\"@id\":\"https:\\\/\\\/sarajevocompany.com\\\/bs\\\/osnivanje-firme-u-bosni-i-hercegovini-podrazumijeva-niz-postupaka\\\/#primaryimage\",\"url\":\"https:\\\/\\\/sarajevocompany.com\\\/wp-content\\\/uploads\\\/2019\\\/08\\\/Bosnia-Regions-Map-where-establish-company.png\",\"contentUrl\":\"https:\\\/\\\/sarajevocompany.com\\\/wp-content\\\/uploads\\\/2019\\\/08\\\/Bosnia-Regions-Map-where-establish-company.png\"},{\"@type\":\"BreadcrumbList\",\"@id\":\"https:\\\/\\\/sarajevocompany.com\\\/bs\\\/osnivanje-firme-u-bosni-i-hercegovini-podrazumijeva-niz-postupaka\\\/#breadcrumb\",\"itemListElement\":[{\"@type\":\"ListItem\",\"position\":1,\"name\":\"Home\",\"item\":\"https:\\\/\\\/sarajevocompany.com\\\/bs\\\/\"},{\"@type\":\"ListItem\",\"position\":2,\"name\":\"Postupci osnivanja kompanije\"}]},{\"@type\":\"WebSite\",\"@id\":\"https:\\\/\\\/sarajevocompany.com\\\/#website\",\"url\":\"https:\\\/\\\/sarajevocompany.com\\\/\",\"name\":\"Sarajevo company\",\"description\":\"Establish and Found a company in Sarajevo, Bosnian and Herzegovina\",\"publisher\":{\"@id\":\"https:\\\/\\\/sarajevocompany.com\\\/#organization\"},\"potentialAction\":[{\"@type\":\"SearchAction\",\"target\":{\"@type\":\"EntryPoint\",\"urlTemplate\":\"https:\\\/\\\/sarajevocompany.com\\\/?s={search_term_string}\"},\"query-input\":{\"@type\":\"PropertyValueSpecification\",\"valueRequired\":true,\"valueName\":\"search_term_string\"}}],\"inLanguage\":\"bs-BA\"},{\"@type\":\"Organization\",\"@id\":\"https:\\\/\\\/sarajevocompany.com\\\/#organization\",\"name\":\"Sarajevo company\",\"url\":\"https:\\\/\\\/sarajevocompany.com\\\/\",\"logo\":{\"@type\":\"ImageObject\",\"inLanguage\":\"bs-BA\",\"@id\":\"https:\\\/\\\/sarajevocompany.com\\\/#\\\/schema\\\/logo\\\/image\\\/\",\"url\":\"https:\\\/\\\/sarajevocompany.com\\\/wp-content\\\/uploads\\\/2019\\\/06\\\/logo-48x48.png\",\"contentUrl\":\"https:\\\/\\\/sarajevocompany.com\\\/wp-content\\\/uploads\\\/2019\\\/06\\\/logo-48x48.png\",\"width\":48,\"height\":48,\"caption\":\"Sarajevo company\"},\"image\":{\"@id\":\"https:\\\/\\\/sarajevocompany.com\\\/#\\\/schema\\\/logo\\\/image\\\/\"},\"sameAs\":[\"https:\\\/\\\/www.facebook.com\\\/Business-Motivation-383827689152482\\\/\"]}]}<\/script>\n<!-- \/ Yoast SEO Premium plugin. -->","yoast_head_json":{"title":"Koraci pri osnivanja firme u Bosni i Hercegovini, postupci","description":"Na\u0161 tim \u0107e vam sa zadovoljstvom pomo\u0107i u procesu osnivanja. Koraci osnivanja firme u Bosni i Hercegovini ima par postupaka koje na\u0161 tim rije\u0161ava.","robots":{"index":"index","follow":"follow","max-snippet":"max-snippet:-1","max-image-preview":"max-image-preview:large","max-video-preview":"max-video-preview:-1"},"canonical":"https:\/\/sarajevocompany.com\/bs\/osnivanje-firme-u-bosni-i-hercegovini-podrazumijeva-niz-postupaka\/","og_locale":"bs_BA","og_type":"article","og_title":"Postupci osnivanja kompanije","og_description":"Na\u0161 tim \u0107e vam sa zadovoljstvom pomo\u0107i u procesu osnivanja. Koraci osnivanja firme u Bosni i Hercegovini ima par postupaka koje na\u0161 tim rije\u0161ava.","og_url":"https:\/\/sarajevocompany.com\/bs\/osnivanje-firme-u-bosni-i-hercegovini-podrazumijeva-niz-postupaka\/","og_site_name":"Sarajevo company","article_publisher":"https:\/\/www.facebook.com\/Business-Motivation-383827689152482\/","article_modified_time":"2024-01-18T23:27:15+00:00","og_image":[{"url":"https:\/\/sarajevocompany.com\/wp-content\/uploads\/2019\/08\/Bosnia-Regions-Map-where-establish-company.png","type":"","width":"","height":""}],"twitter_card":"summary_large_image","twitter_misc":{"Est. reading time":"2 minute"},"schema":{"@context":"https:\/\/schema.org","@graph":[{"@type":"WebPage","@id":"https:\/\/sarajevocompany.com\/bs\/osnivanje-firme-u-bosni-i-hercegovini-podrazumijeva-niz-postupaka\/","url":"https:\/\/sarajevocompany.com\/bs\/osnivanje-firme-u-bosni-i-hercegovini-podrazumijeva-niz-postupaka\/","name":"Koraci pri osnivanja firme u Bosni i Hercegovini, postupci","isPartOf":{"@id":"https:\/\/sarajevocompany.com\/#website"},"primaryImageOfPage":{"@id":"https:\/\/sarajevocompany.com\/bs\/osnivanje-firme-u-bosni-i-hercegovini-podrazumijeva-niz-postupaka\/#primaryimage"},"image":{"@id":"https:\/\/sarajevocompany.com\/bs\/osnivanje-firme-u-bosni-i-hercegovini-podrazumijeva-niz-postupaka\/#primaryimage"},"thumbnailUrl":"https:\/\/sarajevocompany.com\/wp-content\/uploads\/2019\/08\/Bosnia-Regions-Map-where-establish-company.png","datePublished":"2019-08-27T07:20:02+00:00","dateModified":"2024-01-18T23:27:15+00:00","description":"Na\u0161 tim \u0107e vam sa zadovoljstvom pomo\u0107i u procesu osnivanja. Koraci osnivanja firme u Bosni i Hercegovini ima par postupaka koje na\u0161 tim rije\u0161ava.","breadcrumb":{"@id":"https:\/\/sarajevocompany.com\/bs\/osnivanje-firme-u-bosni-i-hercegovini-podrazumijeva-niz-postupaka\/#breadcrumb"},"inLanguage":"bs-BA","potentialAction":[{"@type":"ReadAction","target":["https:\/\/sarajevocompany.com\/bs\/osnivanje-firme-u-bosni-i-hercegovini-podrazumijeva-niz-postupaka\/"]}]},{"@type":"ImageObject","inLanguage":"bs-BA","@id":"https:\/\/sarajevocompany.com\/bs\/osnivanje-firme-u-bosni-i-hercegovini-podrazumijeva-niz-postupaka\/#primaryimage","url":"https:\/\/sarajevocompany.com\/wp-content\/uploads\/2019\/08\/Bosnia-Regions-Map-where-establish-company.png","contentUrl":"https:\/\/sarajevocompany.com\/wp-content\/uploads\/2019\/08\/Bosnia-Regions-Map-where-establish-company.png"},{"@type":"BreadcrumbList","@id":"https:\/\/sarajevocompany.com\/bs\/osnivanje-firme-u-bosni-i-hercegovini-podrazumijeva-niz-postupaka\/#breadcrumb","itemListElement":[{"@type":"ListItem","position":1,"name":"Home","item":"https:\/\/sarajevocompany.com\/bs\/"},{"@type":"ListItem","position":2,"name":"Postupci osnivanja kompanije"}]},{"@type":"WebSite","@id":"https:\/\/sarajevocompany.com\/#website","url":"https:\/\/sarajevocompany.com\/","name":"Sarajevo company","description":"Establish and Found a company in Sarajevo, Bosnian and Herzegovina","publisher":{"@id":"https:\/\/sarajevocompany.com\/#organization"},"potentialAction":[{"@type":"SearchAction","target":{"@type":"EntryPoint","urlTemplate":"https:\/\/sarajevocompany.com\/?s={search_term_string}"},"query-input":{"@type":"PropertyValueSpecification","valueRequired":true,"valueName":"search_term_string"}}],"inLanguage":"bs-BA"},{"@type":"Organization","@id":"https:\/\/sarajevocompany.com\/#organization","name":"Sarajevo company","url":"https:\/\/sarajevocompany.com\/","logo":{"@type":"ImageObject","inLanguage":"bs-BA","@id":"https:\/\/sarajevocompany.com\/#\/schema\/logo\/image\/","url":"https:\/\/sarajevocompany.com\/wp-content\/uploads\/2019\/06\/logo-48x48.png","contentUrl":"https:\/\/sarajevocompany.com\/wp-content\/uploads\/2019\/06\/logo-48x48.png","width":48,"height":48,"caption":"Sarajevo company"},"image":{"@id":"https:\/\/sarajevocompany.com\/#\/schema\/logo\/image\/"},"sameAs":["https:\/\/www.facebook.com\/Business-Motivation-383827689152482\/"]}]}},"_links":{"self":[{"href":"https:\/\/sarajevocompany.com\/bs\/wp-json\/wp\/v2\/pages\/550","targetHints":{"allow":["GET"]}}],"collection":[{"href":"https:\/\/sarajevocompany.com\/bs\/wp-json\/wp\/v2\/pages"}],"about":[{"href":"https:\/\/sarajevocompany.com\/bs\/wp-json\/wp\/v2\/types\/page"}],"author":[{"embeddable":true,"href":"https:\/\/sarajevocompany.com\/bs\/wp-json\/wp\/v2\/users\/1"}],"replies":[{"embeddable":true,"href":"https:\/\/sarajevocompany.com\/bs\/wp-json\/wp\/v2\/comments?post=550"}],"version-history":[{"count":2,"href":"https:\/\/sarajevocompany.com\/bs\/wp-json\/wp\/v2\/pages\/550\/revisions"}],"predecessor-version":[{"id":951,"href":"https:\/\/sarajevocompany.com\/bs\/wp-json\/wp\/v2\/pages\/550\/revisions\/951"}],"wp:attachment":[{"href":"https:\/\/sarajevocompany.com\/bs\/wp-json\/wp\/v2\/media?parent=550"}],"curies":[{"name":"wp","href":"https:\/\/api.w.org\/{rel}","templated":true}]}}